{"id":739,"date":"2023-08-30T00:44:11","date_gmt":"2023-08-29T22:44:11","guid":{"rendered":"https:\/\/h2szczecin.pl\/archiwum2023\/?page_id=739"},"modified":"2023-12-08T12:03:13","modified_gmt":"2023-12-08T11:03:13","slug":"postery","status":"publish","type":"page","link":"https:\/\/h2szczecin.pl\/archiwum2023\/postery\/","title":{"rendered":"Postery"},"content":{"rendered":"<div class=\"wpb-content-wrapper\">[vc_row][vc_column][vc_empty_space height=&#8221;60&#8243;][vc_column_text css=&#8221;.vc_custom_1693981081654{margin-bottom: 0px !important;}&#8221;]\n<p style=\"margin: 0; font-size: 24px;\"><strong>Szanowni Pa\u0144stwo,<\/strong><\/p>\n[\/vc_column_text][vc_empty_space height=&#8221;10&#8243;][vc_column_text css=&#8221;.vc_custom_1701252650101{margin-bottom: 0px !important;margin-left: 0px !important;padding-left: 0px !important;}&#8221;]<span style=\"font-size: 14pt;\"><strong>Celem II Konferencji Naukowo-Technicznej H2Szczecin \u201eWOD\u00d3R NAP\u0118DEM REGIONU\u201d jest popularyzacja osi\u0105gni\u0119\u0107 naukowych w zakresie szeroko rozumianej gospodarki wodorowej i komplementarnych obszar\u00f3w badawczych.<\/strong><\/span>[\/vc_column_text][vc_empty_space height=&#8221;25&#8243;][vc_separator][vc_column_text]Zapraszamy do zapoznania si\u0119 z posterami naukowymi zg\u0142oszonymi przez przedstawicieli \u015brodowiska naukowo-badawczego[\/vc_column_text][vc_separator][vc_empty_space height=&#8221;50&#8243;][\/vc_column][\/vc_row][vc_row][vc_column width=&#8221;1\/4&#8243;][vc_single_image image=&#8221;1249&#8243; img_size=&#8221;full&#8221; alignment=&#8221;right&#8221;][vc_empty_space height=&#8221;30&#8243;][\/vc_column][vc_column width=&#8221;3\/4&#8243;][vc_column_text]<strong><span style=\"font-size: 14pt;\">SYSTEM DO ELEKTROLIZY TYPU PEM Z INNOWACYJN\u0104 TECHNOLOGI\u0104 OGRANICZAJ\u0104C\u0104 WYKORZYSTANIE SUROWC\u00d3W WYCZERPYWALNYCH<\/span><\/strong><br \/>\n<em>P. Pawe\u0142ko, E. Mijowska, \u0141. Mozga, A. Parus, M. Pajor, A. Dymerska<\/em>[\/vc_column_text][vc_column_text css=&#8221;.vc_custom_1701253992371{margin-top: -30px !important;border-top-width: -30px !important;}&#8221;]\n<hr \/>\n<p><a href=\"https:\/\/h2szczecin.pl\/archiwum2023\/wp-content\/uploads\/2023\/11\/Poster-H2-1.pdf\"><span style=\"color: #993300;\">Pobierz prezentacj\u0119 postaci pliku PDF<\/span><\/a>[\/vc_column_text][\/vc_column][\/vc_row][vc_row][vc_column width=&#8221;1\/4&#8243;][vc_single_image image=&#8221;1243&#8243; img_size=&#8221;full&#8221; alignment=&#8221;right&#8221;][vc_empty_space height=&#8221;30&#8243;][\/vc_column][vc_column width=&#8221;3\/4&#8243;][vc_column_text]<strong><span style=\"font-size: 14pt;\">REAKTOR DWUP\u0141YNOWY (DUAL FLUID REACTOR) \u0179R\u00d3D\u0141EM TANIEJ ELEKTRYCZNO\u015aCI, CIEP\u0141A I WODORU<\/span><\/strong><br \/>\n<em>N. Targosz-\u015al\u0119czka, K. Czerski, A. Huke, G. Ruprecht<\/em>[\/vc_column_text][vc_column_text css=&#8221;.vc_custom_1701254005412{margin-top: -30px !important;border-top-width: -30px !important;}&#8221;]\n<hr \/>\n<p><a href=\"https:\/\/h2szczecin.pl\/archiwum2023\/wp-content\/uploads\/2023\/11\/Poster-H2-2.pdf\"><span style=\"color: #993300;\">Pobierz prezentacj\u0119 postaci pliku PDF<\/span><\/a>[\/vc_column_text][\/vc_column][\/vc_row][vc_row][vc_column width=&#8221;1\/4&#8243;][vc_single_image image=&#8221;1245&#8243; img_size=&#8221;full&#8221; alignment=&#8221;right&#8221;][vc_empty_space height=&#8221;30&#8243;][\/vc_column][vc_column width=&#8221;3\/4&#8243;][vc_column_text]<strong><span style=\"font-size: 14pt;\">\u201eLAS ENERGII\u201d \u2013 STUDIUM PRZYPADKU REGIONALNEJ DYREKCJI LAS\u00d3W PA\u0143STWOWYCH W KATOWICACH<\/span><\/strong><br \/>\n<em>B. Sadowska<\/em>[\/vc_column_text][vc_column_text css=&#8221;.vc_custom_1701253949019{margin-top: -30px !important;border-top-width: -30px !important;}&#8221;]\n<hr \/>\n<p><a href=\"https:\/\/h2szczecin.pl\/archiwum2023\/wp-content\/uploads\/2023\/11\/Poster-H2-3.pdf\"><span style=\"color: #993300;\">Pobierz prezentacj\u0119 postaci pliku PDF<\/span><\/a>[\/vc_column_text][\/vc_column][\/vc_row][vc_row][vc_column width=&#8221;1\/4&#8243;][vc_single_image image=&#8221;1246&#8243; img_size=&#8221;full&#8221; alignment=&#8221;right&#8221;][vc_empty_space height=&#8221;30&#8243;][\/vc_column][vc_column width=&#8221;3\/4&#8243;][vc_column_text]<strong><span style=\"font-size: 14pt;\">DETERMINANTY ZARZ\u0104DZANIA PROCESEM PRODUKCJI I DYSTRYBUCJI ENERGII CIEPLNEJ W WARUNKACH ZR\u00d3WNOWA\u017bONEGO ROZWOJU \u2013 KONCEPCJA BADAWCZA ORAZ WYZWANIA WYKORZYSTANIA WODORU<\/span><\/strong><br \/>\n<em>M. \u015aniegowski<\/em>[\/vc_column_text][vc_column_text css=&#8221;.vc_custom_1701254031244{margin-top: -30px !important;border-top-width: -30px !important;}&#8221;]\n<hr \/>\n<p><a href=\"https:\/\/h2szczecin.pl\/archiwum2023\/wp-content\/uploads\/2023\/11\/Poster-H2-4.pdf\"><span style=\"color: #993300;\">Pobierz prezentacj\u0119 postaci pliku PDF<\/span><\/a>[\/vc_column_text][\/vc_column][\/vc_row][vc_row][vc_column width=&#8221;1\/4&#8243;][vc_single_image image=&#8221;1252&#8243; img_size=&#8221;full&#8221; alignment=&#8221;right&#8221;][vc_empty_space height=&#8221;30&#8243;][\/vc_column][vc_column width=&#8221;3\/4&#8243;][vc_column_text]<strong><span style=\"font-size: 14pt;\">ZAUFANIE I SPO\u0141ECZNA PERCEPCJA RYZYKA INWESTYCJI ORAZ WYKORZYSTANIA TECHNOLOGII WODOROWYCH<\/span><\/strong><br \/>\n<em>K. B\u0142o\u0144ski, M. Frankowska, J. Witek<\/em>[\/vc_column_text][vc_column_text css=&#8221;.vc_custom_1702033393348{margin-top: -30px !important;border-top-width: -30px !important;}&#8221;]\n<hr \/>\n<p><a href=\"https:\/\/h2szczecin.pl\/archiwum2023\/wp-content\/uploads\/2023\/12\/Poster-H2-5_OK-OK.pdf\"><span style=\"color: #993300;\">Pobierz prezentacj\u0119 postaci pliku PDF<\/span><\/a>[\/vc_column_text][\/vc_column][\/vc_row][vc_row][vc_column width=&#8221;1\/4&#8243;][vc_single_image image=&#8221;1253&#8243; img_size=&#8221;full&#8221; alignment=&#8221;right&#8221;][vc_empty_space height=&#8221;30&#8243;][\/vc_column][vc_column width=&#8221;3\/4&#8243;][vc_column_text]<strong><span style=\"font-size: 14pt;\">MODEL WYTWARZANIA ENERGII ROZPROSZONEJ W WOJEW\u00d3DZTWIE ZACHODNIOPOMORSKIM<\/span><\/strong><br \/>\n<em>M. Rabe<\/em>[\/vc_column_text][vc_column_text css=&#8221;.vc_custom_1701254079556{margin-top: -30px !important;border-top-width: -30px !important;}&#8221;]\n<hr \/>\n<p><a href=\"https:\/\/h2szczecin.pl\/archiwum2023\/wp-content\/uploads\/2023\/11\/Poster-H2-6.pdf\"><span style=\"color: #993300;\">Pobierz prezentacj\u0119 postaci pliku PDF<\/span><\/a>[\/vc_column_text][\/vc_column][\/vc_row][vc_row][vc_column width=&#8221;1\/4&#8243;][vc_single_image image=&#8221;1254&#8243; img_size=&#8221;full&#8221; alignment=&#8221;right&#8221;][vc_empty_space height=&#8221;30&#8243;][\/vc_column][vc_column width=&#8221;3\/4&#8243;][vc_column_text]<strong><span style=\"font-size: 14pt;\">WIRTUALNA RZECZYWISTO\u015a\u0106: NOWOCZESNE NARZ\u0118DZIA DLA OPTYMALIZACJI INFRASTRUKTURY BUFOR\u00d3W WODOROWYCH &#8211; JAKO INTEGRATOR SIECI ELEKTROENERGETYCZNEJ.<\/span><\/strong><br \/>\n<em>J. Dowejko, B. Pilecki, J. Jaworski<\/em>[\/vc_column_text][vc_column_text css=&#8221;.vc_custom_1701254116520{margin-top: -30px !important;border-top-width: -30px !important;}&#8221;]\n<hr \/>\n<p><a href=\"https:\/\/h2szczecin.pl\/archiwum2023\/wp-content\/uploads\/2023\/11\/Poster-H2-7.pdf\"><span style=\"color: #993300;\">Pobierz prezentacj\u0119 postaci pliku PDF<\/span><\/a>[\/vc_column_text][\/vc_column][\/vc_row][vc_row][vc_column width=&#8221;1\/4&#8243;][vc_single_image image=&#8221;1255&#8243; img_size=&#8221;full&#8221; alignment=&#8221;right&#8221;][vc_empty_space height=&#8221;30&#8243;][\/vc_column][vc_column width=&#8221;3\/4&#8243;][vc_column_text]<strong><span style=\"font-size: 14pt;\">REAKCJE J\u0104DROWE W SYSTEMACH WOD\u00d3R-METAL JAKO \u0179R\u00d3D\u0141O ENERGII PRZYSZ\u0141O\u015aCI<\/span><\/strong><br \/>\n<em>M. Kaczmarski, K. Czerski, N. Targosz-\u015al\u0119czka, R. Dubey, A. Kowalska, M. Valat<\/em>[\/vc_column_text][vc_column_text css=&#8221;.vc_custom_1701254191374{margin-top: -30px !important;border-top-width: -30px !important;}&#8221;]\n<hr \/>\n<p><a href=\"https:\/\/h2szczecin.pl\/archiwum2023\/wp-content\/uploads\/2023\/11\/Poster-H2-8.pdf\"><span style=\"color: #993300;\">Pobierz prezentacj\u0119 postaci pliku PDF<\/span><\/a>[\/vc_column_text][\/vc_column][\/vc_row][vc_row][vc_column width=&#8221;1\/4&#8243;][vc_single_image image=&#8221;1256&#8243; img_size=&#8221;full&#8221; alignment=&#8221;right&#8221;][vc_empty_space height=&#8221;30&#8243;][\/vc_column][vc_column width=&#8221;3\/4&#8243;][vc_column_text]<strong><span style=\"font-size: 14pt;\">WODOROWE OGNIWA PALIWOWE \u2013 ALTERNATYWNY NAP\u0118D POCI\u0104G\u00d3W NA LINIACH NIEZELEKTRYFIKOWANYCH<\/span><\/strong><br \/>\n<em>A. Drewnowski<\/em>[\/vc_column_text][vc_column_text css=&#8221;.vc_custom_1701254170445{margin-top: -30px !important;border-top-width: -30px !important;}&#8221;]\n<hr \/>\n<p><a href=\"https:\/\/h2szczecin.pl\/archiwum2023\/wp-content\/uploads\/2023\/11\/Poster-H2-9.pdf\"><span style=\"color: #993300;\">Pobierz prezentacj\u0119 postaci pliku PDF<\/span><\/a>[\/vc_column_text][\/vc_column][\/vc_row][vc_row][vc_column width=&#8221;1\/4&#8243;][vc_single_image image=&#8221;1257&#8243; img_size=&#8221;full&#8221; alignment=&#8221;right&#8221;][vc_empty_space height=&#8221;30&#8243;][\/vc_column][vc_column width=&#8221;3\/4&#8243;][vc_column_text]<strong><span style=\"font-size: 14pt;\">METODY ANALIZY I MAPOWANIA TECHNOLOGII WODOROWYCH<\/span><\/strong><br \/>\n<em>K. Cheba, A. Malkowski, A. Brelik<\/em>[\/vc_column_text][vc_column_text css=&#8221;.vc_custom_1701254147705{margin-top: -30px !important;border-top-width: -30px !important;}&#8221;]\n<hr \/>\n<p><a href=\"https:\/\/h2szczecin.pl\/archiwum2023\/wp-content\/uploads\/2023\/11\/Poster-H2-10.pdf\"><span style=\"color: #993300;\">Pobierz prezentacj\u0119 postaci pliku PDF<\/span><\/a>[\/vc_column_text][\/vc_column][\/vc_row][vc_row][vc_column width=&#8221;1\/4&#8243;][vc_single_image image=&#8221;1258&#8243; img_size=&#8221;full&#8221; alignment=&#8221;right&#8221;][vc_empty_space height=&#8221;30&#8243;][\/vc_column][vc_column width=&#8221;3\/4&#8243;][vc_column_text]<strong><span style=\"font-size: 14pt;\">TECHNOLOGIE WODOROWE JAKO JEDEN Z OBSZAR\u00d3W WSP\u00d3\u0141PRACY NAUKI Z BIZNESEM<\/span><\/strong><br \/>\n<em>Lubuski Klaster Metalowy<\/em>[\/vc_column_text][vc_column_text css=&#8221;.vc_custom_1701254133444{margin-top: -30px !important;border-top-width: -30px !important;}&#8221;]\n<hr \/>\n<p><a href=\"https:\/\/h2szczecin.pl\/archiwum2023\/wp-content\/uploads\/2023\/11\/Poster-H2-11.pdf\"><span style=\"color: #993300;\">Pobierz prezentacj\u0119 postaci pliku PDF<\/span><\/a>[\/vc_column_text][\/vc_column][\/vc_row][vc_row][vc_column][vc_separator][\/vc_column][\/vc_row]\n<\/div>","protected":false},"excerpt":{"rendered":"<p>[vc_row][vc_column][vc_empty_space height=&#8221;60&#8243;][vc_column_text css=&#8221;.vc_custom_1693981081654{margin-bottom: 0px !important;}&#8221;] Szanowni Pa\u0144stwo, [\/vc_column_text][vc_empty_space height=&#8221;10&#8243;][vc_column_text css=&#8221;.vc_custom_1701252650101{margin-bottom: 0px !important;margin-left: 0px !important;padding-left: 0px [&hellip;]<\/p>\n","protected":false},"author":1,"featured_media":0,"parent":0,"menu_order":0,"comment_status":"closed","ping_status":"closed","template":"","meta":{"_acf_changed":false,"inline_featured_image":false,"footnotes":""},"class_list":["post-739","page","type-page","status-publish","hentry"],"acf":[],"yoast_head":"<!-- This site is optimized with the Yoast SEO plugin v23.2 - https:\/\/yoast.com\/wordpress\/plugins\/seo\/ -->\n<title>Postery - H2 Szczecin<\/title>\n<meta name=\"robots\" content=\"index, follow, max-snippet:-1, max-image-preview:large, max-video-preview:-1\" \/>\n<link rel=\"canonical\" href=\"https:\/\/h2szczecin.pl\/archiwum2023\/postery\/\" \/>\n<meta property=\"og:locale\" content=\"pl_PL\" \/>\n<meta property=\"og:type\" content=\"article\" \/>\n<meta property=\"og:title\" content=\"Postery - H2 Szczecin\" \/>\n<meta property=\"og:description\" content=\"[vc_row][vc_column][vc_empty_space height=&#8221;60&#8243;][vc_column_text css=&#8221;.vc_custom_1693981081654{margin-bottom: 0px !important;}&#8221;] Szanowni Pa\u0144stwo, [\/vc_column_text][vc_empty_space height=&#8221;10&#8243;][vc_column_text css=&#8221;.vc_custom_1701252650101{margin-bottom: 0px !important;margin-left: 0px !important;padding-left: 0px [&hellip;]\" \/>\n<meta property=\"og:url\" content=\"https:\/\/h2szczecin.pl\/archiwum2023\/postery\/\" \/>\n<meta property=\"og:site_name\" content=\"H2 Szczecin\" \/>\n<meta property=\"article:modified_time\" content=\"2023-12-08T11:03:13+00:00\" \/>\n<meta name=\"twitter:card\" content=\"summary_large_image\" \/>\n<meta name=\"twitter:label1\" content=\"Szacowany czas czytania\" \/>\n\t<meta name=\"twitter:data1\" content=\"3 minuty\" \/>\n<script type=\"application\/ld+json\" class=\"yoast-schema-graph\">{\"@context\":\"https:\/\/schema.org\",\"@graph\":[{\"@type\":\"WebPage\",\"@id\":\"https:\/\/h2szczecin.pl\/archiwum2023\/postery\/\",\"url\":\"https:\/\/h2szczecin.pl\/archiwum2023\/postery\/\",\"name\":\"Postery - H2 Szczecin\",\"isPartOf\":{\"@id\":\"https:\/\/h2szczecin.pl\/archiwum2023\/#website\"},\"datePublished\":\"2023-08-29T22:44:11+00:00\",\"dateModified\":\"2023-12-08T11:03:13+00:00\",\"breadcrumb\":{\"@id\":\"https:\/\/h2szczecin.pl\/archiwum2023\/postery\/#breadcrumb\"},\"inLanguage\":\"pl-PL\",\"potentialAction\":[{\"@type\":\"ReadAction\",\"target\":[\"https:\/\/h2szczecin.pl\/archiwum2023\/postery\/\"]}]},{\"@type\":\"BreadcrumbList\",\"@id\":\"https:\/\/h2szczecin.pl\/archiwum2023\/postery\/#breadcrumb\",\"itemListElement\":[{\"@type\":\"ListItem\",\"position\":1,\"name\":\"Strona g\u0142\u00f3wna\",\"item\":\"https:\/\/h2szczecin.pl\/archiwum2023\/\"},{\"@type\":\"ListItem\",\"position\":2,\"name\":\"Postery\"}]},{\"@type\":\"WebSite\",\"@id\":\"https:\/\/h2szczecin.pl\/archiwum2023\/#website\",\"url\":\"https:\/\/h2szczecin.pl\/archiwum2023\/\",\"name\":\"H2 Szczecin\",\"description\":\"Wod\u00f3r nap\u0119dem regionu\",\"potentialAction\":[{\"@type\":\"SearchAction\",\"target\":{\"@type\":\"EntryPoint\",\"urlTemplate\":\"https:\/\/h2szczecin.pl\/archiwum2023\/?s={search_term_string}\"},\"query-input\":\"required name=search_term_string\"}],\"inLanguage\":\"pl-PL\"}]}<\/script>\n<!-- \/ Yoast SEO plugin. -->","yoast_head_json":{"title":"Postery - H2 Szczecin","robots":{"index":"index","follow":"follow","max-snippet":"max-snippet:-1","max-image-preview":"max-image-preview:large","max-video-preview":"max-video-preview:-1"},"canonical":"https:\/\/h2szczecin.pl\/archiwum2023\/postery\/","og_locale":"pl_PL","og_type":"article","og_title":"Postery - H2 Szczecin","og_description":"[vc_row][vc_column][vc_empty_space height=&#8221;60&#8243;][vc_column_text css=&#8221;.vc_custom_1693981081654{margin-bottom: 0px !important;}&#8221;] Szanowni Pa\u0144stwo, [\/vc_column_text][vc_empty_space height=&#8221;10&#8243;][vc_column_text css=&#8221;.vc_custom_1701252650101{margin-bottom: 0px !important;margin-left: 0px !important;padding-left: 0px [&hellip;]","og_url":"https:\/\/h2szczecin.pl\/archiwum2023\/postery\/","og_site_name":"H2 Szczecin","article_modified_time":"2023-12-08T11:03:13+00:00","twitter_card":"summary_large_image","twitter_misc":{"Szacowany czas czytania":"3 minuty"},"schema":{"@context":"https:\/\/schema.org","@graph":[{"@type":"WebPage","@id":"https:\/\/h2szczecin.pl\/archiwum2023\/postery\/","url":"https:\/\/h2szczecin.pl\/archiwum2023\/postery\/","name":"Postery - H2 Szczecin","isPartOf":{"@id":"https:\/\/h2szczecin.pl\/archiwum2023\/#website"},"datePublished":"2023-08-29T22:44:11+00:00","dateModified":"2023-12-08T11:03:13+00:00","breadcrumb":{"@id":"https:\/\/h2szczecin.pl\/archiwum2023\/postery\/#breadcrumb"},"inLanguage":"pl-PL","potentialAction":[{"@type":"ReadAction","target":["https:\/\/h2szczecin.pl\/archiwum2023\/postery\/"]}]},{"@type":"BreadcrumbList","@id":"https:\/\/h2szczecin.pl\/archiwum2023\/postery\/#breadcrumb","itemListElement":[{"@type":"ListItem","position":1,"name":"Strona g\u0142\u00f3wna","item":"https:\/\/h2szczecin.pl\/archiwum2023\/"},{"@type":"ListItem","position":2,"name":"Postery"}]},{"@type":"WebSite","@id":"https:\/\/h2szczecin.pl\/archiwum2023\/#website","url":"https:\/\/h2szczecin.pl\/archiwum2023\/","name":"H2 Szczecin","description":"Wod\u00f3r nap\u0119dem regionu","potentialAction":[{"@type":"SearchAction","target":{"@type":"EntryPoint","urlTemplate":"https:\/\/h2szczecin.pl\/archiwum2023\/?s={search_term_string}"},"query-input":"required name=search_term_string"}],"inLanguage":"pl-PL"}]}},"_links":{"self":[{"href":"https:\/\/h2szczecin.pl\/archiwum2023\/wp-json\/wp\/v2\/pages\/739","targetHints":{"allow":["GET"]}}],"collection":[{"href":"https:\/\/h2szczecin.pl\/archiwum2023\/wp-json\/wp\/v2\/pages"}],"about":[{"href":"https:\/\/h2szczecin.pl\/archiwum2023\/wp-json\/wp\/v2\/types\/page"}],"author":[{"embeddable":true,"href":"https:\/\/h2szczecin.pl\/archiwum2023\/wp-json\/wp\/v2\/users\/1"}],"replies":[{"embeddable":true,"href":"https:\/\/h2szczecin.pl\/archiwum2023\/wp-json\/wp\/v2\/comments?post=739"}],"version-history":[{"count":0,"href":"https:\/\/h2szczecin.pl\/archiwum2023\/wp-json\/wp\/v2\/pages\/739\/revisions"}],"wp:attachment":[{"href":"https:\/\/h2szczecin.pl\/archiwum2023\/wp-json\/wp\/v2\/media?parent=739"}],"curies":[{"name":"wp","href":"https:\/\/api.w.org\/{rel}","templated":true}]}}