{"id":3,"date":"2022-05-25T23:12:14","date_gmt":"2022-05-25T21:12:14","guid":{"rendered":"https:\/\/h2szczecin.pl\/archiwum2022\/?page_id=3"},"modified":"2022-06-01T09:12:14","modified_gmt":"2022-06-01T07:12:14","slug":"polityka-prywatnosci-i-plikow-cookies","status":"publish","type":"page","link":"https:\/\/h2szczecin.pl\/archiwum2022\/polityka-prywatnosci-i-plikow-cookies\/","title":{"rendered":"Polityka prywatno\u015bci i plik\u00f3w cookies"},"content":{"rendered":"<section class=\"wpb-content-wrapper\">[vc_section css=&#8221;.vc_custom_1654067523272{padding-top: 7.5% !important;padding-bottom: 7.5% !important;}&#8221;][vc_row][vc_column][vc_column_text]\n<section class=\"post_content clearfix\">\n<ol>\n<li style=\"text-align: justify;\">Serwis <strong><em>h2szczecin.pl\/archiwum2022<\/em><\/strong> nie zbiera w spos\u00f3b automatyczny \u017cadnych informacji, z wyj\u0105tkiem informacji zawartych w plikach cookies.<\/li>\n<li style=\"text-align: justify;\">Pliki cookies (tzw. \u201eciasteczka\u201d) stanowi\u0105 dane informatyczne, w szczeg\u00f3lno\u015bci pliki tekstowe, kt\u00f3re przechowywane s\u0105 w urz\u0105dzeniu ko\u0144cowym U\u017cytkownika Serwisu i przeznaczone s\u0105 do korzystania ze stron internetowych Serwisu. Cookies zazwyczaj zawieraj\u0105 nazw\u0119 strony internetowej, z kt\u00f3rej pochodz\u0105, czas przechowywania ich na urz\u0105dzeniu ko\u0144cowym oraz unikalny numer.<\/li>\n<li style=\"text-align: justify;\">Podmiotem zamieszczaj\u0105cym na urz\u0105dzeniu ko\u0144cowym U\u017cytkownika Serwisu pliki cookies oraz uzyskuj\u0105cym do nich dost\u0119p jest operator Serwisu <strong>H2 Szczecin<\/strong>.<\/li>\n<li style=\"text-align: justify;\">Pliki cookies wykorzystywane s\u0105 w celu:\n<ul>\n<li>dostosowania zawarto\u015bci stron internetowych Serwisu do preferencji U\u017cytkownika oraz optymalizacji korzystania ze stron internetowych; w szczeg\u00f3lno\u015bci pliki te pozwalaj\u0105 rozpozna\u0107 urz\u0105dzenie U\u017cytkownika Serwisu i odpowiednio wy\u015bwietli\u0107 stron\u0119 internetow\u0105, dostosowan\u0105 do jego indywidualnych potrzeb;<\/li>\n<li>tworzenia statystyk, kt\u00f3re pomagaj\u0105 zrozumie\u0107, w jaki spos\u00f3b U\u017cytkownicy Serwisu korzystaj\u0105 ze stron internetowych, co umo\u017cliwia ulepszanie ich struktury i zawarto\u015bci;<\/li>\n<li>utrzymanie sesji U\u017cytkownika Serwisu (po zalogowaniu), dzi\u0119ki kt\u00f3rej U\u017cytkownik nie musi na ka\u017cdej podstronie Serwisu ponownie wpisywa\u0107 loginu i has\u0142a;<\/li>\n<li>Do zapami\u0119tywania informacji w koszyku zakup\u00f3w.<\/li>\n<\/ul>\n<\/li>\n<li style=\"text-align: justify;\">W ramach Serwisu stosowane s\u0105 dwa zasadnicze rodzaje plik\u00f3w cookies: \u201esesyjne\u201d (<em>session cookies<\/em>) oraz \u201esta\u0142e\u201d (<em>persistent cookies<\/em>). Cookies \u201esesyjne\u201d s\u0105 plikami tymczasowymi, kt\u00f3re przechowywane s\u0105 w urz\u0105dzeniu ko\u0144cowym U\u017cytkownika do czasu wylogowania, opuszczenia strony internetowej lub wy\u0142\u0105czenia oprogramowania (przegl\u0105darki internetowej). \u201eSta\u0142e\u201d pliki cookies przechowywane s\u0105 w urz\u0105dzeniu ko\u0144cowym U\u017cytkownika przez czas okre\u015blony w parametrach plik\u00f3w cookies lub do czasu ich usuni\u0119cia przez U\u017cytkownika.<\/li>\n<li style=\"text-align: justify;\">W ramach Serwisu stosowane s\u0105 nast\u0119puj\u0105ce rodzaje plik\u00f3w cookies:\n<ul>\n<li>\u201eniezb\u0119dne\u201d pliki cookies, umo\u017cliwiaj\u0105ce korzystanie z us\u0142ug dost\u0119pnych w ramach Serwisu, np. uwierzytelniaj\u0105ce pliki cookies wykorzystywane do us\u0142ug wymagaj\u0105cych uwierzytelniania w ramach Serwisu;<\/li>\n<li>pliki cookies s\u0142u\u017c\u0105ce do zapewnienia bezpiecze\u0144stwa, np. wykorzystywane do wykrywania nadu\u017cy\u0107 w zakresie uwierzytelniania w ramach Serwisu;<\/li>\n<li>\u201ewydajno\u015bciowe\u201d pliki cookies, umo\u017cliwiaj\u0105ce zbieranie informacji o sposobie korzystania ze stron internetowych Serwisu;<\/li>\n<li>\u201efunkcjonalne\u201d pliki cookies, umo\u017cliwiaj\u0105ce \u201ezapami\u0119tanie\u201d wybranych przez U\u017cytkownika ustawie\u0144 i personalizacj\u0119 interfejsu U\u017cytkownika, np. w zakresie wybranego j\u0119zyka lub regionu, z kt\u00f3rego pochodzi U\u017cytkownik, rozmiaru czcionki, wygl\u0105du strony internetowej, ustawie\u0144 koszyka, stanu zalogowania.<\/li>\n<li>\u201ereklamowe\u201d pliki cookies, umo\u017cliwiaj\u0105ce dostarczanie U\u017cytkownikom tre\u015bci reklamowych bardziej dostosowanych do ich zainteresowa\u0144.<\/li>\n<\/ul>\n<\/li>\n<li style=\"text-align: justify;\">W wielu przypadkach oprogramowanie s\u0142u\u017c\u0105ce do przegl\u0105dania stron internetowych (przegl\u0105darka internetowa) domy\u015blnie dopuszcza przechowywanie plik\u00f3w cookies w urz\u0105dzeniu ko\u0144cowym U\u017cytkownika. U\u017cytkownicy Serwisu mog\u0105 dokona\u0107 w ka\u017cdym czasie zmiany ustawie\u0144 dotycz\u0105cych plik\u00f3w cookies. Ustawienia te mog\u0105 zosta\u0107 zmienione w szczeg\u00f3lno\u015bci w taki spos\u00f3b, aby blokowa\u0107 automatyczn\u0105 obs\u0142ug\u0119 plik\u00f3w cookies w ustawieniach przegl\u0105darki internetowej b\u0105d\u017a informowa\u0107 o ich ka\u017cdorazowym zamieszczeniu w urz\u0105dzeniu U\u017cytkownika Serwisu. Szczeg\u00f3\u0142owe informacje o mo\u017cliwo\u015bci i sposobach obs\u0142ugi plik\u00f3w cookies dost\u0119pne s\u0105 w ustawieniach oprogramowania (przegl\u0105darki internetowej).<\/li>\n<li style=\"text-align: justify;\">Operator Serwisu informuje, \u017ce ograniczenia stosowania plik\u00f3w cookies mog\u0105 wp\u0142yn\u0105\u0107 na niekt\u00f3re funkcjonalno\u015bci dost\u0119pne na stronach internetowych Serwisu.<\/li>\n<li style=\"text-align: justify;\">Pliki cookies zamieszczane w urz\u0105dzeniu ko\u0144cowym U\u017cytkownika Serwisu i wykorzystywane mog\u0105 by\u0107 r\u00f3wnie\u017c przez wsp\u00f3\u0142pracuj\u0105cych z operatorem Serwisu reklamodawc\u00f3w oraz partner\u00f3w.<\/li>\n<li style=\"text-align: justify;\">Wi\u0119cej informacji na temat plik\u00f3w cookies dost\u0119pnych jest pod adresem <em><strong>www.wszystkoociasteczkach.pl<\/strong><\/em> lub w sekcji \u201ePomoc\u201d w menu przegl\u0105darki internetowej.<\/li>\n<\/ol>\n<\/section>\n[\/vc_column_text][\/vc_column][\/vc_row][\/vc_section]\n<\/section>","protected":false},"excerpt":{"rendered":"<p>[vc_section css=&#8221;.vc_custom_1654067523272{padding-top: 7.5% !important;padding-bottom: 7.5% !important;}&#8221;][vc_row][vc_column][vc_column_text] Serwis h2szczecin.pl\/archiwum2022 nie zbiera w spos\u00f3b automatyczny \u017cadnych informacji, z wyj\u0105tkiem informacji zawartych w plikach cookies. Pliki cookies (tzw. \u201eciasteczka\u201d) stanowi\u0105 dane informatyczne, w szczeg\u00f3lno\u015bci pliki tekstowe, kt\u00f3re przechowywane s\u0105 w urz\u0105dzeniu ko\u0144cowym U\u017cytkownika [&hellip;]<\/p>\n","protected":false},"author":1,"featured_media":0,"parent":0,"menu_order":0,"comment_status":"closed","ping_status":"closed","template":"","meta":{"inline_featured_image":false,"footnotes":""},"class_list":["post-3","page","type-page","status-publish","hentry"],"acf":[],"yoast_head":"<!-- This site is optimized with the Yoast SEO plugin v21.0 - https:\/\/yoast.com\/wordpress\/plugins\/seo\/ -->\n<title>Polityka prywatno\u015bci i plik\u00f3w cookies - H2 Szczecin<\/title>\n<meta name=\"robots\" content=\"index, follow, max-snippet:-1, max-image-preview:large, max-video-preview:-1\" \/>\n<link rel=\"canonical\" href=\"https:\/\/h2szczecin.pl\/archiwum2022\/polityka-prywatnosci-i-plikow-cookies\/\" \/>\n<meta property=\"og:locale\" content=\"pl_PL\" \/>\n<meta property=\"og:type\" content=\"article\" \/>\n<meta property=\"og:title\" content=\"Polityka prywatno\u015bci i plik\u00f3w cookies - H2 Szczecin\" \/>\n<meta property=\"og:description\" content=\"[vc_section css=&#8221;.vc_custom_1654067523272{padding-top: 7.5% !important;padding-bottom: 7.5% !important;}&#8221;][vc_row][vc_column][vc_column_text] Serwis h2szczecin.pl\/archiwum2022 nie zbiera w spos\u00f3b automatyczny \u017cadnych informacji, z wyj\u0105tkiem informacji zawartych w plikach cookies. Pliki cookies (tzw. \u201eciasteczka\u201d) stanowi\u0105 dane informatyczne, w szczeg\u00f3lno\u015bci pliki tekstowe, kt\u00f3re przechowywane s\u0105 w urz\u0105dzeniu ko\u0144cowym U\u017cytkownika [&hellip;]\" \/>\n<meta property=\"og:url\" content=\"https:\/\/h2szczecin.pl\/archiwum2022\/polityka-prywatnosci-i-plikow-cookies\/\" \/>\n<meta property=\"og:site_name\" content=\"H2 Szczecin\" \/>\n<meta property=\"article:modified_time\" content=\"2022-06-01T07:12:14+00:00\" \/>\n<meta name=\"twitter:card\" content=\"summary_large_image\" \/>\n<meta name=\"twitter:label1\" content=\"Szacowany czas czytania\" \/>\n\t<meta name=\"twitter:data1\" content=\"3 minuty\" \/>\n<script type=\"application\/ld+json\" class=\"yoast-schema-graph\">{\"@context\":\"https:\/\/schema.org\",\"@graph\":[{\"@type\":\"WebPage\",\"@id\":\"https:\/\/h2szczecin.pl\/archiwum2022\/polityka-prywatnosci-i-plikow-cookies\/\",\"url\":\"https:\/\/h2szczecin.pl\/archiwum2022\/polityka-prywatnosci-i-plikow-cookies\/\",\"name\":\"Polityka prywatno\u015bci i plik\u00f3w cookies - H2 Szczecin\",\"isPartOf\":{\"@id\":\"https:\/\/h2szczecin.pl\/archiwum2022\/#website\"},\"datePublished\":\"2022-05-25T21:12:14+00:00\",\"dateModified\":\"2022-06-01T07:12:14+00:00\",\"breadcrumb\":{\"@id\":\"https:\/\/h2szczecin.pl\/archiwum2022\/polityka-prywatnosci-i-plikow-cookies\/#breadcrumb\"},\"inLanguage\":\"pl-PL\",\"potentialAction\":[{\"@type\":\"ReadAction\",\"target\":[\"https:\/\/h2szczecin.pl\/archiwum2022\/polityka-prywatnosci-i-plikow-cookies\/\"]}]},{\"@type\":\"BreadcrumbList\",\"@id\":\"https:\/\/h2szczecin.pl\/archiwum2022\/polityka-prywatnosci-i-plikow-cookies\/#breadcrumb\",\"itemListElement\":[{\"@type\":\"ListItem\",\"position\":1,\"name\":\"Strona g\u0142\u00f3wna\",\"item\":\"https:\/\/h2szczecin.pl\/archiwum2022\/\"},{\"@type\":\"ListItem\",\"position\":2,\"name\":\"Polityka prywatno\u015bci i plik\u00f3w cookies\"}]},{\"@type\":\"WebSite\",\"@id\":\"https:\/\/h2szczecin.pl\/archiwum2022\/#website\",\"url\":\"https:\/\/h2szczecin.pl\/archiwum2022\/\",\"name\":\"H2 Szczecin\",\"description\":\"Wod\u00f3r nap\u0119dem regionu\",\"potentialAction\":[{\"@type\":\"SearchAction\",\"target\":{\"@type\":\"EntryPoint\",\"urlTemplate\":\"https:\/\/h2szczecin.pl\/archiwum2022\/?s={search_term_string}\"},\"query-input\":\"required name=search_term_string\"}],\"inLanguage\":\"pl-PL\"}]}<\/script>\n<!-- \/ Yoast SEO plugin. -->","yoast_head_json":{"title":"Polityka prywatno\u015bci i plik\u00f3w cookies - H2 Szczecin","robots":{"index":"index","follow":"follow","max-snippet":"max-snippet:-1","max-image-preview":"max-image-preview:large","max-video-preview":"max-video-preview:-1"},"canonical":"https:\/\/h2szczecin.pl\/archiwum2022\/polityka-prywatnosci-i-plikow-cookies\/","og_locale":"pl_PL","og_type":"article","og_title":"Polityka prywatno\u015bci i plik\u00f3w cookies - H2 Szczecin","og_description":"[vc_section css=&#8221;.vc_custom_1654067523272{padding-top: 7.5% !important;padding-bottom: 7.5% !important;}&#8221;][vc_row][vc_column][vc_column_text] Serwis h2szczecin.pl\/archiwum2022 nie zbiera w spos\u00f3b automatyczny \u017cadnych informacji, z wyj\u0105tkiem informacji zawartych w plikach cookies. Pliki cookies (tzw. \u201eciasteczka\u201d) stanowi\u0105 dane informatyczne, w szczeg\u00f3lno\u015bci pliki tekstowe, kt\u00f3re przechowywane s\u0105 w urz\u0105dzeniu ko\u0144cowym U\u017cytkownika [&hellip;]","og_url":"https:\/\/h2szczecin.pl\/archiwum2022\/polityka-prywatnosci-i-plikow-cookies\/","og_site_name":"H2 Szczecin","article_modified_time":"2022-06-01T07:12:14+00:00","twitter_card":"summary_large_image","twitter_misc":{"Szacowany czas czytania":"3 minuty"},"schema":{"@context":"https:\/\/schema.org","@graph":[{"@type":"WebPage","@id":"https:\/\/h2szczecin.pl\/archiwum2022\/polityka-prywatnosci-i-plikow-cookies\/","url":"https:\/\/h2szczecin.pl\/archiwum2022\/polityka-prywatnosci-i-plikow-cookies\/","name":"Polityka prywatno\u015bci i plik\u00f3w cookies - H2 Szczecin","isPartOf":{"@id":"https:\/\/h2szczecin.pl\/archiwum2022\/#website"},"datePublished":"2022-05-25T21:12:14+00:00","dateModified":"2022-06-01T07:12:14+00:00","breadcrumb":{"@id":"https:\/\/h2szczecin.pl\/archiwum2022\/polityka-prywatnosci-i-plikow-cookies\/#breadcrumb"},"inLanguage":"pl-PL","potentialAction":[{"@type":"ReadAction","target":["https:\/\/h2szczecin.pl\/archiwum2022\/polityka-prywatnosci-i-plikow-cookies\/"]}]},{"@type":"BreadcrumbList","@id":"https:\/\/h2szczecin.pl\/archiwum2022\/polityka-prywatnosci-i-plikow-cookies\/#breadcrumb","itemListElement":[{"@type":"ListItem","position":1,"name":"Strona g\u0142\u00f3wna","item":"https:\/\/h2szczecin.pl\/archiwum2022\/"},{"@type":"ListItem","position":2,"name":"Polityka prywatno\u015bci i plik\u00f3w cookies"}]},{"@type":"WebSite","@id":"https:\/\/h2szczecin.pl\/archiwum2022\/#website","url":"https:\/\/h2szczecin.pl\/archiwum2022\/","name":"H2 Szczecin","description":"Wod\u00f3r nap\u0119dem regionu","potentialAction":[{"@type":"SearchAction","target":{"@type":"EntryPoint","urlTemplate":"https:\/\/h2szczecin.pl\/archiwum2022\/?s={search_term_string}"},"query-input":"required name=search_term_string"}],"inLanguage":"pl-PL"}]}},"_links":{"self":[{"href":"https:\/\/h2szczecin.pl\/archiwum2022\/wp-json\/wp\/v2\/pages\/3","targetHints":{"allow":["GET"]}}],"collection":[{"href":"https:\/\/h2szczecin.pl\/archiwum2022\/wp-json\/wp\/v2\/pages"}],"about":[{"href":"https:\/\/h2szczecin.pl\/archiwum2022\/wp-json\/wp\/v2\/types\/page"}],"author":[{"embeddable":true,"href":"https:\/\/h2szczecin.pl\/archiwum2022\/wp-json\/wp\/v2\/users\/1"}],"replies":[{"embeddable":true,"href":"https:\/\/h2szczecin.pl\/archiwum2022\/wp-json\/wp\/v2\/comments?post=3"}],"version-history":[{"count":0,"href":"https:\/\/h2szczecin.pl\/archiwum2022\/wp-json\/wp\/v2\/pages\/3\/revisions"}],"wp:attachment":[{"href":"https:\/\/h2szczecin.pl\/archiwum2022\/wp-json\/wp\/v2\/media?parent=3"}],"curies":[{"name":"wp","href":"https:\/\/api.w.org\/{rel}","templated":true}]}}